{"id":40912,"date":"2023-09-16T20:32:12","date_gmt":"2023-09-16T17:32:12","guid":{"rendered":"https:\/\/electron.uz\/?product=raspberry-pi-pico-w-wi-fi"},"modified":"2026-04-21T12:26:26","modified_gmt":"2026-04-21T09:26:26","slug":"raspberry-pi-pico-w-wi-fi","status":"publish","type":"product","link":"https:\/\/electron.uz\/?product=raspberry-pi-pico-w-wi-fi","title":{"rendered":"Raspberry Pi Pico W Wi-Fi"},"content":{"rendered":"<p>Raspberry Pi Pico W \u2014 \u043d\u043e\u0432\u044b\u0439 \u0433\u0438\u0431\u043a\u0438\u0439 \u043c\u0438\u043a\u0440\u043e\u043a\u043e\u043d\u0442\u0440\u043e\u043b\u043b\u0435\u0440 \u043e\u0442 Raspberry \u0441 \u0444\u0443\u043d\u043a\u0446\u0438\u0435\u0439 Wi-Fi.<br \/>\nRaspberry Pi Pico W \u043f\u0440\u0435\u0434\u043b\u0430\u0433\u0430\u0435\u0442 \u043f\u043e\u0434\u0434\u0435\u0440\u0436\u043a\u0443 \u0431\u0435\u0441\u043f\u0440\u043e\u0432\u043e\u0434\u043d\u043e\u0439 \u043b\u043e\u043a\u0430\u043b\u044c\u043d\u043e\u0439 \u0441\u0435\u0442\u0438 802.11 b\/g\/n \u043d\u0430 \u0447\u0430\u0441\u0442\u043e\u0442\u0435 2,4 \u0413\u0413\u0446 \u0441\u043e \u0432\u0441\u0442\u0440\u043e\u0435\u043d\u043d\u043e\u0439 \u0430\u043d\u0442\u0435\u043d\u043d\u043e\u0439 \u0438 \u043c\u043e\u0434\u0443\u043b\u044c\u043d\u043e\u0439 \u0441\u0435\u0440\u0442\u0438\u0444\u0438\u043a\u0430\u0446\u0438\u0435\u0439 \u0441\u043e\u043e\u0442\u0432\u0435\u0442\u0441\u0442\u0432\u0438\u044f. \u041c\u043e\u0436\u0435\u0442 \u0440\u0430\u0431\u043e\u0442\u0430\u0442\u044c \u043a\u0430\u043a \u0432 \u0440\u0435\u0436\u0438\u043c\u0435 \u0441\u0442\u0430\u043d\u0446\u0438\u0438, \u0442\u0430\u043a \u0438 \u0432 \u0440\u0435\u0436\u0438\u043c\u0435 \u0442\u043e\u0447\u043a\u0438 \u0434\u043e\u0441\u0442\u0443\u043f\u0430. \u0420\u0430\u0437\u0440\u0430\u0431\u043e\u0442\u0447\u0438\u043a\u0438 C \u0438 MicroPython \u0438\u043c\u0435\u044e\u0442 \u043f\u043e\u043b\u043d\u044b\u0439 \u0434\u043e\u0441\u0442\u0443\u043f \u043a \u0441\u0435\u0442\u0435\u0432\u044b\u043c \u0444\u0443\u043d\u043a\u0446\u0438\u044f\u043c.<br \/>\n\u0418\u0441\u043f\u043e\u043b\u044c\u0437\u0443\u0435\u043c\u044b\u0439 \u0447\u0438\u043f \u043c\u0438\u043a\u0440\u043e\u043a\u043e\u043d\u0442\u0440\u043e\u043b\u043b\u0435\u0440\u0430 RP2040, \u0440\u0430\u0437\u0440\u0430\u0431\u043e\u0442\u0430\u043d\u043d\u044b\u0439 Raspberry Pi, \u0438\u043c\u0435\u0435\u0442 \u0434\u0432\u0443\u0445\u044a\u044f\u0434\u0435\u0440\u043d\u044b\u0439 \u043f\u0440\u043e\u0446\u0435\u0441\u0441\u043e\u0440 Cortex M0+ \u0441 \u0432\u043d\u0443\u0442\u0440\u0435\u043d\u043d\u0435\u0439 \u043e\u043f\u0435\u0440\u0430\u0442\u0438\u0432\u043d\u043e\u0439 \u043f\u0430\u043c\u044f\u0442\u044c\u044e 264 \u041a\u0411. \u041a\u0440\u043e\u043c\u0435 \u0442\u043e\u0433\u043e, \u0447\u0438\u043f \u043f\u043e\u0434\u0434\u0435\u0440\u0436\u0438\u0432\u0430\u0435\u0442 \u0432\u043d\u0435\u0448\u043d\u044e\u044e \u0444\u043b\u044d\u0448-\u043f\u0430\u043c\u044f\u0442\u044c \u043e\u0431\u044a\u0435\u043c\u043e\u043c \u0434\u043e 16 \u041c\u0411.<br \/>\n\u041e\u0441\u043e\u0431\u0435\u043d\u043d\u043e \u0433\u0438\u0431\u043a\u0438\u0435 \u0432\u043e\u0437\u043c\u043e\u0436\u043d\u043e\u0441\u0442\u0438 \u0432\u0432\u043e\u0434\u0430-\u0432\u044b\u0432\u043e\u0434\u0430 \u043e\u0431\u0435\u0441\u043f\u0435\u0447\u0438\u0432\u0430\u044e\u0442 \u0438\u0441\u043a\u043b\u044e\u0447\u0438\u0442\u0435\u043b\u044c\u043d\u0443\u044e \u0432\u0430\u0440\u0438\u0430\u0442\u0438\u0432\u043d\u043e\u0441\u0442\u044c Pico. \u0414\u043e\u0441\u0442\u0443\u043f\u043d\u044b I2C, SPI \u0438 \u0434\u0430\u0436\u0435 \u043f\u0440\u043e\u0433\u0440\u0430\u043c\u043c\u0438\u0440\u0443\u0435\u043c\u044b\u0439 \u0432\u0432\u043e\u0434-\u0432\u044b\u0432\u043e\u0434 (PIO).<\/p>\n<p>Raspberry Pi Pico W \u2014 \u044d\u0442\u043e \u043f\u043b\u0430\u0442\u0430 \u043c\u0438\u043a\u0440\u043e\u043a\u043e\u043d\u0442\u0440\u043e\u043b\u043b\u0435\u0440\u0430, \u043e\u0441\u043d\u043e\u0432\u0430\u043d\u043d\u0430\u044f \u043d\u0430 \u0447\u0438\u043f\u0435 \u043c\u0438\u043a\u0440\u043e\u043a\u043e\u043d\u0442\u0440\u043e\u043b\u043b\u0435\u0440\u0430 Raspberry Pi RP2040. Pico W \u0431\u044b\u043b \u0440\u0430\u0437\u0440\u0430\u0431\u043e\u0442\u0430\u043d \u043a\u0430\u043a \u043d\u0435\u0434\u043e\u0440\u043e\u0433\u0430\u044f \u0438 \u0432 \u0442\u043e \u0436\u0435 \u0432\u0440\u0435\u043c\u044f \u0433\u0438\u0431\u043a\u0430\u044f \u043f\u043b\u0430\u0442\u0444\u043e\u0440\u043c\u0430 \u0434\u043b\u044f RP2040. \u0411\u0443\u043a\u0432\u0430 W \u0432 \u043d\u0430\u0437\u0432\u0430\u043d\u0438\u0438 \u043f\u0440\u043e\u0434\u0443\u043a\u0442\u0430 \u043e\u0442\u043d\u043e\u0441\u0438\u0442\u0441\u044f \u043a \u0440\u0430\u0434\u0438\u043e\u0438\u043d\u0442\u0435\u0440\u0444\u0435\u0439\u0441\u0443 2,4 \u0413\u0413\u0446, \u0447\u0442\u043e \u0434\u0435\u043b\u0430\u0435\u0442 Pico \u0440\u0435\u0430\u043b\u044c\u043d\u043e\u0439 \u0430\u043b\u044c\u0442\u0435\u0440\u043d\u0430\u0442\u0438\u0432\u043e\u0439 \u043c\u043e\u0434\u0443\u043b\u044f\u043c ESP8266 \u0438 ESP32.<\/p>\n<p>\u042d\u0442\u043e\u0442 \u043d\u043e\u0432\u044b\u0439 \u0432\u0430\u0440\u0438\u0430\u043d\u0442 Raspberry Pico \u0441\u043e\u0445\u0440\u0430\u043d\u044f\u0435\u0442 \u043f\u0440\u043e\u0438\u0437\u0432\u043e\u0434\u0438\u0442\u0435\u043b\u044c\u043d\u043e\u0441\u0442\u044c \u0438 \u0433\u0438\u0431\u043a\u043e\u0441\u0442\u044c \u0441\u0432\u043e\u0435\u0433\u043e \u043f\u0440\u0435\u0434\u0448\u0435\u0441\u0442\u0432\u0435\u043d\u043d\u0438\u043a\u0430, \u043d\u043e \u0434\u043e\u0431\u0430\u0432\u043b\u044f\u0435\u0442 Wi-Fi, \u0447\u0442\u043e \u0437\u043d\u0430\u0447\u0438\u0442\u0435\u043b\u044c\u043d\u043e \u0443\u043f\u0440\u043e\u0449\u0430\u0435\u0442 \u0438\u043d\u0442\u0435\u0433\u0440\u0430\u0446\u0438\u044e \u0441 \u043f\u0440\u0438\u043b\u043e\u0436\u0435\u043d\u0438\u044f\u043c\u0438 IoT. \u041f\u043e\u0434\u0434\u0435\u0440\u0436\u043a\u0430 WLAN \u043e\u0431\u0435\u0441\u043f\u0435\u0447\u0438\u0432\u0430\u0435\u0442\u0441\u044f \u0447\u0438\u043f\u043e\u043c Infineon CYW43439. Pico \u0438\u043c\u0435\u0435\u0442 \u0433\u0438\u0431\u043a\u0438\u0435 \u0446\u0438\u0444\u0440\u043e\u0432\u044b\u0435 \u0438\u043d\u0442\u0435\u0440\u0444\u0435\u0439\u0441\u044b \u0438 \u043c\u043e\u0436\u0435\u0442 \u0431\u044b\u0442\u044c \u043b\u0435\u0433\u043a\u043e \u0437\u0430\u043f\u0440\u043e\u0433\u0440\u0430\u043c\u043c\u0438\u0440\u043e\u0432\u0430\u043d \u0447\u0435\u0440\u0435\u0437 USB \u0441 \u0438\u0441\u043f\u043e\u043b\u044c\u0437\u043e\u0432\u0430\u043d\u0438\u0435\u043c C\/C++ \u0438\u043b\u0438 MicroPython.<\/p>\n<p>\u041e\u0441\u043e\u0431\u0435\u043d\u043d\u043e \u0433\u0438\u0431\u043a\u0438\u0435 \u0432\u043e\u0437\u043c\u043e\u0436\u043d\u043e\u0441\u0442\u0438 \u0432\u0432\u043e\u0434\u0430-\u0432\u044b\u0432\u043e\u0434\u0430 \u043e\u0431\u0435\u0441\u043f\u0435\u0447\u0438\u0432\u0430\u044e\u0442 \u0438\u0441\u043a\u043b\u044e\u0447\u0438\u0442\u0435\u043b\u044c\u043d\u0443\u044e \u0432\u0430\u0440\u0438\u0430\u0442\u0438\u0432\u043d\u043e\u0441\u0442\u044c Pico. \u0414\u043e\u0441\u0442\u0443\u043f\u043d\u044b I2C, SPI \u0438 \u0434\u0430\u0436\u0435 \u043f\u0440\u043e\u0433\u0440\u0430\u043c\u043c\u0438\u0440\u0443\u0435\u043c\u044b\u0439 \u0432\u0432\u043e\u0434-\u0432\u044b\u0432\u043e\u0434 (PIO). \u042d\u0442\u043e \u043e\u0442\u043a\u0440\u044b\u0432\u0430\u0435\u0442 \u0447\u0440\u0435\u0437\u0432\u044b\u0447\u0430\u0439\u043d\u043e \u043c\u043d\u043e\u0433\u043e \u0432\u043e\u0437\u043c\u043e\u0436\u043d\u043e\u0441\u0442\u0435\u0439 \u043f\u0440\u0438\u043c\u0435\u043d\u0435\u043d\u0438\u044f \u0434\u043b\u044f \u0442\u0430\u043a\u043e\u0439 \u043c\u0430\u043b\u0435\u043d\u044c\u043a\u043e\u0439 \u043f\u043b\u0430\u0442\u044b.<\/p>\n<p>\u0422\u0435\u0445\u043d\u0438\u0447\u0435\u0441\u043a\u0438\u0435 \u0445\u0430\u0440\u0430\u043a\u0442\u0435\u0440\u0438\u0441\u0442\u0438\u043a\u0438:<\/p>\n<p>\u0427\u0438\u043f \u043c\u0438\u043a\u0440\u043e\u043a\u043e\u043d\u0442\u0440\u043e\u043b\u043b\u0435\u0440\u0430 RP2040<br \/>\n\u041f\u043e\u0434\u0434\u0435\u0440\u0436\u0438\u0432\u0430\u0435\u0442 WLAN-\u0441\u043e\u0435\u0434\u0438\u043d\u0435\u043d\u0438\u044f 802.11b\/g\/n \u043d\u0430 \u0447\u0430\u0441\u0442\u043e\u0442\u0435 2,4 \u0413\u0413\u0446.<br \/>\n\u0414\u0432\u0443\u0445\u044a\u044f\u0434\u0435\u0440\u043d\u044b\u0439 \u043f\u0440\u043e\u0446\u0435\u0441\u0441\u043e\u0440 Arm Cortex M0+, \u0433\u0438\u0431\u043a\u0430\u044f \u0442\u0430\u043a\u0442\u043e\u0432\u0430\u044f \u0447\u0430\u0441\u0442\u043e\u0442\u0430 \u0434\u043e 133 \u041c\u0413\u0446<br \/>\n264 \u041a\u0411 SRAM \u0438 \u0432\u0441\u0442\u0440\u043e\u0435\u043d\u043d\u0430\u044f \u0444\u043b\u044d\u0448-\u043f\u0430\u043c\u044f\u0442\u044c 2 \u041c\u0411<br \/>\n\u041f\u043e\u0440\u0442 Micro USB \u0434\u043b\u044f \u043f\u0438\u0442\u0430\u043d\u0438\u044f \u0438 \u043f\u0435\u0440\u0435\u0434\u0430\u0447\u0438 \u0434\u0430\u043d\u043d\u044b\u0445 (\u0430 \u0442\u0430\u043a\u0436\u0435 \u0434\u043b\u044f \u043f\u0435\u0440\u0435\u043f\u0440\u043e\u0433\u0440\u0430\u043c\u043c\u0438\u0440\u043e\u0432\u0430\u043d\u0438\u044f \u0444\u043b\u044d\u0448-\u043f\u0430\u043c\u044f\u0442\u0438)<br \/>\n\u041f\u0440\u043e\u0441\u0442\u043e\u0439, \u043d\u043e \u043e\u0447\u0435\u043d\u044c \u0433\u0438\u0431\u043a\u0438\u0439 \u0438\u0441\u0442\u043e\u0447\u043d\u0438\u043a \u043f\u0438\u0442\u0430\u043d\u0438\u044f (\u0440\u0430\u0437\u043b\u0438\u0447\u043d\u044b\u0435 \u0432\u0430\u0440\u0438\u0430\u043d\u0442\u044b \u043f\u0440\u043e\u0441\u0442\u043e\u0433\u043e \u043f\u0438\u0442\u0430\u043d\u0438\u044f \u0443\u0441\u0442\u0440\u043e\u0439\u0441\u0442\u0432\u0430 \u0447\u0435\u0440\u0435\u0437 micro-USB, \u0432\u043d\u0435\u0448\u043d\u0438\u0439 \u0438\u0441\u0442\u043e\u0447\u043d\u0438\u043a \u043f\u0438\u0442\u0430\u043d\u0438\u044f \u0438\u043b\u0438 \u0431\u0430\u0442\u0430\u0440\u0435\u0438)<br \/>\n\u0412\u0445\u043e\u0434\u043d\u043e\u0435 \u043d\u0430\u043f\u0440\u044f\u0436\u0435\u043d\u0438\u0435 1,8\u20135,5 \u0412 \u043f\u043e\u0441\u0442\u043e\u044f\u043d\u043d\u043e\u0433\u043e \u0442\u043e\u043a\u0430<br \/>\n\u041d\u0430\u043f\u0440\u044f\u0436\u0435\u043d\u0438\u0435 \u0432\u0432\u043e\u0434\u0430-\u0432\u044b\u0432\u043e\u0434\u0430 Raspberry Pi Pico W \u0444\u0438\u043a\u0441\u0438\u0440\u043e\u0432\u0430\u043d\u043e \u0438 \u0441\u043e\u0441\u0442\u0430\u0432\u043b\u044f\u0435\u0442 3,3 \u0412.<br \/>\n26 \u043c\u043d\u043e\u0433\u043e\u0444\u0443\u043d\u043a\u0446\u0438\u043e\u043d\u0430\u043b\u044c\u043d\u044b\u0445 \u043a\u043e\u043d\u0442\u0430\u043a\u0442\u043e\u0432 GPIO (23 \u0442\u043e\u043b\u044c\u043a\u043e \u0446\u0438\u0444\u0440\u043e\u0432\u044b\u0445, 3 \u0441 \u043f\u043e\u0434\u0434\u0435\u0440\u0436\u043a\u043e\u0439 \u0410\u0426\u041f).<br \/>\n2 \u00d7 SPI, 2 \u00d7 I2C, 2 \u00d7 UART, 3 \u00d7 12-\u0431\u0438\u0442\u043d\u044b\u0439 \u0410\u0426\u041f, 16 \u00d7 \u0443\u043f\u0440\u0430\u0432\u043b\u044f\u0435\u043c\u044b\u0445 \u043a\u0430\u043d\u0430\u043b\u043e\u0432 \u0428\u0418\u041c<br \/>\n\u0422\u043e\u0447\u043d\u044b\u0435 \u0447\u0430\u0441\u044b \u0438 \u0442\u0430\u0439\u043c\u0435\u0440 \u043d\u0430 \u0447\u0438\u043f\u0435<br \/>\n\u0427\u0438\u043f Infineon CYW43439 \u0441 WPA3 \u0438 SoftAP (\u0434\u043e 4 \u043a\u043b\u0438\u0435\u043d\u0442\u043e\u0432)<br \/>\n\u0414\u0430\u0442\u0447\u0438\u043a \u0442\u0435\u043c\u043f\u0435\u0440\u0430\u0442\u0443\u0440\u044b<br \/>\n\u0423\u0441\u043a\u043e\u0440\u0435\u043d\u043d\u044b\u0435 \u0431\u0438\u0431\u043b\u0438\u043e\u0442\u0435\u043a\u0438 \u0441 \u043f\u043b\u0430\u0432\u0430\u044e\u0449\u0435\u0439 \u0437\u0430\u043f\u044f\u0442\u043e\u0439 \u043d\u0430 \u043a\u0440\u0438\u0441\u0442\u0430\u043b\u043b\u0435<br \/>\n40-\u043a\u043e\u043d\u0442\u0430\u043a\u0442\u043d\u0430\u044f \u043f\u0435\u0447\u0430\u0442\u043d\u0430\u044f \u043f\u043b\u0430\u0442\u0430 DIP \u0440\u0430\u0437\u043c\u0435\u0440\u043e\u043c 21&#215;51 \u043c\u043c \u0442\u043e\u043b\u0449\u0438\u043d\u043e\u0439 1 \u043c\u043c<\/p>\n","protected":false},"excerpt":{"rendered":"<p>Raspberry Pi Pico W \u2014 \u043d\u043e\u0432\u044b\u0439 \u0433\u0438\u0431\u043a\u0438\u0439 \u043c\u0438\u043a\u0440\u043e\u043a\u043e\u043d\u0442\u0440\u043e\u043b\u043b\u0435\u0440 \u043e\u0442 Raspberry \u0441 \u0444\u0443\u043d\u043a\u0446\u0438\u0435\u0439 Wi-Fi. Raspberry Pi Pico W \u043f\u0440\u0435\u0434\u043b\u0430\u0433\u0430\u0435\u0442 \u043f\u043e\u0434\u0434\u0435\u0440\u0436\u043a\u0443 \u0431\u0435\u0441\u043f\u0440\u043e\u0432\u043e\u0434\u043d\u043e\u0439<\/p>\n","protected":false},"featured_media":59386,"template":"","meta":[],"product_cat":[158],"product_tag":[],"class_list":{"0":"post-40912","1":"product","2":"type-product","3":"status-publish","4":"has-post-thumbnail","6":"product_cat-arduino","8":"first","9":"outofstock","10":"shipping-taxable","11":"purchasable","12":"product-type-simple"},"_links":{"self":[{"href":"https:\/\/electron.uz\/index.php?rest_route=\/wp\/v2\/product\/40912","targetHints":{"allow":["GET"]}}],"collection":[{"href":"https:\/\/electron.uz\/index.php?rest_route=\/wp\/v2\/product"}],"about":[{"href":"https:\/\/electron.uz\/index.php?rest_route=\/wp\/v2\/types\/product"}],"version-history":[{"count":1,"href":"https:\/\/electron.uz\/index.php?rest_route=\/wp\/v2\/product\/40912\/revisions"}],"predecessor-version":[{"id":40913,"href":"https:\/\/electron.uz\/index.php?rest_route=\/wp\/v2\/product\/40912\/revisions\/40913"}],"wp:featuredmedia":[{"embeddable":true,"href":"https:\/\/electron.uz\/index.php?rest_route=\/wp\/v2\/media\/59386"}],"wp:attachment":[{"href":"https:\/\/electron.uz\/index.php?rest_route=%2Fwp%2Fv2%2Fmedia&parent=40912"}],"wp:term":[{"taxonomy":"product_cat","embeddable":true,"href":"https:\/\/electron.uz\/index.php?rest_route=%2Fwp%2Fv2%2Fproduct_cat&post=40912"},{"taxonomy":"product_tag","embeddable":true,"href":"https:\/\/electron.uz\/index.php?rest_route=%2Fwp%2Fv2%2Fproduct_tag&post=40912"}],"curies":[{"name":"wp","href":"https:\/\/api.w.org\/{rel}","templated":true}]}}